{"id":40,"date":"2020-04-27T21:28:42","date_gmt":"2020-04-27T21:28:42","guid":{"rendered":"https:\/\/ryancv-demo.bslthemes.com\/?page_id=29"},"modified":"2025-09-08T10:17:15","modified_gmt":"2025-09-08T10:17:15","slug":"home","status":"publish","type":"page","link":"https:\/\/sedefturan.com\/","title":{"rendered":"Home"},"content":{"rendered":"\t\t<div data-elementor-type=\"wp-page\" data-elementor-id=\"40\" class=\"elementor elementor-40\">\n\t\t\t\t\t\t<section class=\"elementor-section elementor-top-section elementor-element elementor-element-58408af8 elementor-section-full_width elementor-section-height-default elementor-section-height-default\" data-id=\"58408af8\" data-element_type=\"section\">\n\t\t\t\t\t\t<div class=\"elementor-container elementor-column-gap-default\">\n\t\t\t\t\t<div class=\"elementor-column elementor-col-100 elementor-top-column elementor-element elementor-element-2eccc1ee\" data-id=\"2eccc1ee\" data-element_type=\"column\">\n\t\t\t<div class=\"elementor-widget-wrap elementor-element-populated\">\n\t\t\t\t\t\t<div class=\"elementor-element elementor-element-23c2d50 elementor-widget elementor-widget-ryancv-hero\" data-id=\"23c2d50\" data-element_type=\"widget\" data-widget_type=\"ryancv-hero.default\">\n\t\t\t\t<div class=\"elementor-widget-container\">\n\t\t\t\t\t\n\t\t<!-- Hero -->\n\t\t<div class=\"ar-hero\">\n\t\t\t\t\t\t<div class=\"ar-h-subtitle\">\n\t\t\t\t\t\t\t\t<span class=\"ar-headline\">Merhaba, ben<\/span>\n\t\t\t\t\t\t\t\t\t\t\t\t<span class=\"ar-headline ar-words-wrapper\">\n\t\t\t\t\t\t\t\t\t\t<span class=\"ar-word is-hidden\">Sedef Turan;<\/span>\n\t\t\t\t\t\t\t\t\t\t<span class=\"ar-word is-hidden\">Yat\u0131r\u0131m Uzman\u0131;<\/span>\n\t\t\t\t\t\t\t\t\t\t<span class=\"ar-word is-hidden\">Lisansl\u0131 Yat\u0131r\u0131m E\u011fitmeni;<\/span>\n\t\t\t\t\t\t\t\t\t<\/span>\n\t\t\t\t\t\t\t<\/div>\n\t\t\t\t\t\t\t\t\t<h1 class=\"ar-h-title\">\n\t\t\t\t<span >Finansal Piyasalar ve Yat\u0131r\u0131m Stratejileri Uzman\u0131,<span class=\"bord\">SPL<\/span> Lisansl\u0131 Yat\u0131r\u0131m E\u011fitmeni &amp; Uzman\u0131<\/span>\n\t\t\t<\/h1>\n\t\t\t\t\t\t\t\t\t<div class=\"ar-text\">\n\t\t\t\t<div ><p>yat\u0131r\u0131m uzman\u0131 ve finans e\u011fitmeniyim. Yat\u0131r\u0131m stratejileri ve piyasa analizleri konusundaki deneyimimle bireysel ve kurumsal yat\u0131r\u0131mc\u0131lara de\u011fer katmay\u0131 hedefliyorum.\u00a0Yat\u0131r\u0131m stratejileri ve piyasa analizleri konusundaki deneyimimle bireysel ve kurumsal yat\u0131r\u0131mc\u0131lara de\u011fer katmay\u0131 hedefliyorum.<\/p><\/div>\n\t\t\t<\/div>\n\t\t\t\t\t<\/div>\n\n\t\t\t\t\t\t<\/div>\n\t\t\t\t<\/div>\n\t\t\t\t\t<\/div>\n\t\t<\/div>\n\t\t\t\t\t<\/div>\n\t\t<\/section>\n\t\t\t\t<section class=\"elementor-section elementor-top-section elementor-element elementor-element-9240a95 elementor-section-full_width elementor-section-height-default elementor-section-height-default\" data-id=\"9240a95\" data-element_type=\"section\">\n\t\t\t\t\t\t<div class=\"elementor-container elementor-column-gap-default\">\n\t\t\t\t\t<div class=\"elementor-column elementor-col-33 elementor-top-column elementor-element elementor-element-8322da0\" data-id=\"8322da0\" data-element_type=\"column\">\n\t\t\t<div class=\"elementor-widget-wrap elementor-element-populated\">\n\t\t\t\t\t\t<div class=\"elementor-element elementor-element-e4e9a16 elementor-widget elementor-widget-ryancv-numbers\" data-id=\"e4e9a16\" data-element_type=\"widget\" data-widget_type=\"ryancv-numbers.default\">\n\t\t\t\t<div class=\"elementor-widget-container\">\n\t\t\t\t\t\n\t\t<!-- Numbers -->\n\t\t<div class=\"ar-stats\">\n\t\t\t\t\t\t<h6 class=\"num\">\n\t\t\t\t<span >8+<\/span>\n\t\t\t<\/h6>\n\t\t\t\t\t\t\t\t\t<p>\n\t\t\t\t<span >Y\u0131ll\u0131k <br>Tecr\u00fcbe<\/span>\n\t\t\t<\/p>\n\t\t\t\t\t<\/div>\n\n\t\t\t\t\t\t<\/div>\n\t\t\t\t<\/div>\n\t\t\t\t\t<\/div>\n\t\t<\/div>\n\t\t\t\t<div class=\"elementor-column elementor-col-33 elementor-top-column elementor-element elementor-element-56267d4\" data-id=\"56267d4\" data-element_type=\"column\">\n\t\t\t<div class=\"elementor-widget-wrap elementor-element-populated\">\n\t\t\t\t\t\t<div class=\"elementor-element elementor-element-79a9091 elementor-widget elementor-widget-ryancv-numbers\" data-id=\"79a9091\" data-element_type=\"widget\" data-widget_type=\"ryancv-numbers.default\">\n\t\t\t\t<div class=\"elementor-widget-container\">\n\t\t\t\t\t\n\t\t<!-- Numbers -->\n\t\t<div class=\"ar-stats\">\n\t\t\t\t\t\t<h6 class=\"num\">\n\t\t\t\t<span >426<\/span>\n\t\t\t<\/h6>\n\t\t\t\t\t\t\t\t\t<p>\n\t\t\t\t<span >Aktif <br>Yat\u0131r\u0131mc\u0131<\/span>\n\t\t\t<\/p>\n\t\t\t\t\t<\/div>\n\n\t\t\t\t\t\t<\/div>\n\t\t\t\t<\/div>\n\t\t\t\t\t<\/div>\n\t\t<\/div>\n\t\t\t\t<div class=\"elementor-column elementor-col-33 elementor-top-column elementor-element elementor-element-f7d0ee6\" data-id=\"f7d0ee6\" data-element_type=\"column\">\n\t\t\t<div class=\"elementor-widget-wrap elementor-element-populated\">\n\t\t\t\t\t\t<div class=\"elementor-element elementor-element-025bb3b elementor-widget elementor-widget-ryancv-numbers\" data-id=\"025bb3b\" data-element_type=\"widget\" data-widget_type=\"ryancv-numbers.default\">\n\t\t\t\t<div class=\"elementor-widget-container\">\n\t\t\t\t\t\n\t\t<!-- Numbers -->\n\t\t<div class=\"ar-stats\">\n\t\t\t\t\t\t<h6 class=\"num\">\n\t\t\t\t<span >10+<\/span>\n\t\t\t<\/h6>\n\t\t\t\t\t\t\t\t\t<p>\n\t\t\t\t<span >Y\u0131l Akademik <br>Kariyer<\/span>\n\t\t\t<\/p>\n\t\t\t\t\t<\/div>\n\n\t\t\t\t\t\t<\/div>\n\t\t\t\t<\/div>\n\t\t\t\t\t<\/div>\n\t\t<\/div>\n\t\t\t\t\t<\/div>\n\t\t<\/section>\n\t\t\t\t<\/div>\n\t\t","protected":false},"excerpt":{"rendered":"<p>Merhaba, ben Sedef Turan; Yat\u0131r\u0131m Uzman\u0131; Lisansl\u0131 Yat\u0131r\u0131m E\u011fitmeni; Finansal Piyasalar ve Yat\u0131r\u0131m Stratejileri Uzman\u0131,SPL Lisansl\u0131 Yat\u0131r\u0131m E\u011fitmeni &amp; Uzman\u0131&#8230;<\/p>\n","protected":false},"author":1,"featured_media":0,"parent":0,"menu_order":0,"comment_status":"closed","ping_status":"closed","template":"template-elementor-builder.php","meta":{"_acf_changed":false,"footnotes":""},"class_list":["post-40","page","type-page","status-publish","hentry"],"acf":[],"_links":{"self":[{"href":"https:\/\/sedefturan.com\/index.php\/wp-json\/wp\/v2\/pages\/40","targetHints":{"allow":["GET"]}}],"collection":[{"href":"https:\/\/sedefturan.com\/index.php\/wp-json\/wp\/v2\/pages"}],"about":[{"href":"https:\/\/sedefturan.com\/index.php\/wp-json\/wp\/v2\/types\/page"}],"author":[{"embeddable":true,"href":"https:\/\/sedefturan.com\/index.php\/wp-json\/wp\/v2\/users\/1"}],"replies":[{"embeddable":true,"href":"https:\/\/sedefturan.com\/index.php\/wp-json\/wp\/v2\/comments?post=40"}],"version-history":[{"count":6,"href":"https:\/\/sedefturan.com\/index.php\/wp-json\/wp\/v2\/pages\/40\/revisions"}],"predecessor-version":[{"id":3251,"href":"https:\/\/sedefturan.com\/index.php\/wp-json\/wp\/v2\/pages\/40\/revisions\/3251"}],"wp:attachment":[{"href":"https:\/\/sedefturan.com\/index.php\/wp-json\/wp\/v2\/media?parent=40"}],"curies":[{"name":"wp","href":"https:\/\/api.w.org\/{rel}","templated":true}]}}